{"id":10,"date":"2025-12-31T12:42:08","date_gmt":"2025-12-31T12:42:08","guid":{"rendered":"https:\/\/reinamillan.rkinformatika.online\/?page_id=10"},"modified":"2026-01-02T09:32:18","modified_gmt":"2026-01-02T09:32:18","slug":"inicio","status":"publish","type":"page","link":"https:\/\/reinamillan.es\/en\/","title":{"rendered":"Home"},"content":{"rendered":"<div data-elementor-type=\"wp-page\" data-elementor-id=\"10\" class=\"elementor elementor-10\" data-elementor-post-type=\"page\">\n\t\t\t\t<div class=\"elementor-element elementor-element-88a30d0 e-con-full animated-slow e-flex elementor-invisible e-con e-parent\" data-id=\"88a30d0\" data-element_type=\"container\" data-e-type=\"container\" data-settings=\"{&quot;background_background&quot;:&quot;classic&quot;,&quot;animation&quot;:&quot;fadeInDown&quot;}\">\n\t\t\t\t<div class=\"elementor-element elementor-element-4575e45 elementor-widget elementor-widget-heading\" data-id=\"4575e45\" data-element_type=\"widget\" data-e-type=\"widget\" data-widget_type=\"heading.default\">\n\t\t\t\t\t<h2 class=\"elementor-heading-title elementor-size-default\">More than 30 years supporting companies with rigor and commitment.<\/h2>\t\t\t\t<\/div>\n\t\t\t\t<\/div>\n\t\t<div class=\"elementor-element elementor-element-e69cd35 animated-slow e-flex e-con-boxed elementor-invisible e-con e-parent\" data-id=\"e69cd35\" data-element_type=\"container\" data-e-type=\"container\" data-settings=\"{&quot;animation&quot;:&quot;fadeIn&quot;}\">\n\t\t\t\t\t<div class=\"e-con-inner\">\n\t\t\t\t<div class=\"elementor-element elementor-element-46b85e5 elementor-widget elementor-widget-heading\" data-id=\"46b85e5\" data-element_type=\"widget\" data-e-type=\"widget\" data-widget_type=\"heading.default\">\n\t\t\t\t\t<h2 class=\"elementor-heading-title elementor-size-default\">About Us<\/h2>\t\t\t\t<\/div>\n\t\t\t\t<div class=\"elementor-element elementor-element-c0bd186 elementor-widget__width-initial elementor-widget elementor-widget-text-editor\" data-id=\"c0bd186\" data-element_type=\"widget\" data-e-type=\"widget\" data-widget_type=\"text-editor.default\">\n\t\t\t\t\t\t\t\t\t<p>At F. Reina Laboralista, we have over 30 years of experience providing comprehensive legal advice to businesses. Our track record is built on commitment, professionalism, and the trust of our clients, whom we support in making key decisions for the development and protection of their business activities.<\/p><p>We are known for our close and personalized approach, analyzing each situation with legal rigor and a practical vision focused on providing effective solutions. Our goal is to offer legal certainty and ongoing support, adapting to the specific needs of each company and the evolving legal landscape.<\/p><p>At F. Reina Laboralista we work with responsibility, ethics and dedication, putting our experience at the service of companies to help them grow with peace of mind and stability.<\/p>\t\t\t\t\t\t\t\t<\/div>\n\t\t\t\t\t<\/div>\n\t\t\t\t<\/div>\n\t\t<div class=\"elementor-element elementor-element-00a1d83 animated-slow e-flex e-con-boxed elementor-invisible e-con e-parent\" data-id=\"00a1d83\" data-element_type=\"container\" data-e-type=\"container\" data-settings=\"{&quot;animation&quot;:&quot;fadeInUp&quot;}\">\n\t\t\t\t\t<div class=\"e-con-inner\">\n\t\t\t\t<div class=\"elementor-element elementor-element-b2e90fb elementor-align-center elementor-widget elementor-widget-button\" data-id=\"b2e90fb\" data-element_type=\"widget\" data-e-type=\"widget\" data-widget_type=\"button.default\">\n\t\t\t\t\t\t\t\t\t\t<a class=\"elementor-button elementor-button-link elementor-size-sm\" href=\"https:\/\/reinamillan.es\/en\/servicios\/\">\n\t\t\t\t\t\t<span class=\"elementor-button-content-wrapper\">\n\t\t\t\t\t\t\t\t\t<span class=\"elementor-button-text\">Services<\/span>\n\t\t\t\t\t<\/span>\n\t\t\t\t\t<\/a>\n\t\t\t\t\t\t\t\t<\/div>\n\t\t\t\t\t<\/div>\n\t\t\t\t<\/div>\n\t\t\t\t<\/div>","protected":false},"excerpt":{"rendered":"<p>M\u00e1s de 30 a\u00f1os acompa\u00f1ando a las empresas con rigor y compromiso. Sobre nosotros En F. Reina Laboralista contamos con m\u00e1s de 30 a\u00f1os de experiencia ofreciendo asesoramiento jur\u00eddico integral a empresas. Nuestra trayectoria se ha construido sobre la base del compromiso, la profesionalidad y la confianza de nuestros clientes, a quienes acompa\u00f1amos en la [&hellip;]<\/p>\n","protected":false},"author":1,"featured_media":0,"parent":0,"menu_order":0,"comment_status":"closed","ping_status":"closed","template":"elementor_canvas","meta":{"footnotes":""},"class_list":["post-10","page","type-page","status-publish","hentry"],"yoast_head":"<!-- This site is optimized with the Yoast SEO plugin v27.5 - https:\/\/yoast.com\/product\/yoast-seo-wordpress\/ -->\n<title>Inicio - F. Reina laboralista<\/title>\n<meta name=\"robots\" content=\"index, follow, max-snippet:-1, max-image-preview:large, max-video-preview:-1\" \/>\n<link rel=\"canonical\" href=\"https:\/\/reinamillan.es\/en\/\" \/>\n<meta property=\"og:locale\" content=\"en_GB\" \/>\n<meta property=\"og:type\" content=\"article\" \/>\n<meta property=\"og:title\" content=\"Inicio - F. Reina laboralista\" \/>\n<meta property=\"og:description\" content=\"M\u00e1s de 30 a\u00f1os acompa\u00f1ando a las empresas con rigor y compromiso. Sobre nosotros En F. Reina Laboralista contamos con m\u00e1s de 30 a\u00f1os de experiencia ofreciendo asesoramiento jur\u00eddico integral a empresas. Nuestra trayectoria se ha construido sobre la base del compromiso, la profesionalidad y la confianza de nuestros clientes, a quienes acompa\u00f1amos en la [&hellip;]\" \/>\n<meta property=\"og:url\" content=\"https:\/\/reinamillan.es\/en\/\" \/>\n<meta property=\"og:site_name\" content=\"F. Reina laboralista\" \/>\n<meta property=\"article:modified_time\" content=\"2026-01-02T09:32:18+00:00\" \/>\n<meta name=\"twitter:card\" content=\"summary_large_image\" \/>\n<meta name=\"twitter:label1\" content=\"Estimated reading time\" \/>\n\t<meta name=\"twitter:data1\" content=\"1 minute\" \/>\n<script type=\"application\/ld+json\" class=\"yoast-schema-graph\">{\"@context\":\"https:\\\/\\\/schema.org\",\"@graph\":[{\"@type\":\"WebPage\",\"@id\":\"https:\\\/\\\/reinamillan.es\\\/\",\"url\":\"https:\\\/\\\/reinamillan.es\\\/\",\"name\":\"Inicio - F. Reina laboralista\",\"isPartOf\":{\"@id\":\"https:\\\/\\\/reinamillan.es\\\/#website\"},\"datePublished\":\"2025-12-31T12:42:08+00:00\",\"dateModified\":\"2026-01-02T09:32:18+00:00\",\"breadcrumb\":{\"@id\":\"https:\\\/\\\/reinamillan.es\\\/#breadcrumb\"},\"inLanguage\":\"en-GB\",\"potentialAction\":[{\"@type\":\"ReadAction\",\"target\":[\"https:\\\/\\\/reinamillan.es\\\/\"]}]},{\"@type\":\"BreadcrumbList\",\"@id\":\"https:\\\/\\\/reinamillan.es\\\/#breadcrumb\",\"itemListElement\":[{\"@type\":\"ListItem\",\"position\":1,\"name\":\"Portada\",\"item\":\"https:\\\/\\\/reinamillan.es\\\/\"},{\"@type\":\"ListItem\",\"position\":2,\"name\":\"Inicio\"}]},{\"@type\":\"WebSite\",\"@id\":\"https:\\\/\\\/reinamillan.es\\\/#website\",\"url\":\"https:\\\/\\\/reinamillan.es\\\/\",\"name\":\"F. Reina laboralista\",\"description\":\"Asesoramiento jur\u00eddico integral \",\"publisher\":{\"@id\":\"https:\\\/\\\/reinamillan.es\\\/#organization\"},\"potentialAction\":[{\"@type\":\"SearchAction\",\"target\":{\"@type\":\"EntryPoint\",\"urlTemplate\":\"https:\\\/\\\/reinamillan.es\\\/?s={search_term_string}\"},\"query-input\":{\"@type\":\"PropertyValueSpecification\",\"valueRequired\":true,\"valueName\":\"search_term_string\"}}],\"inLanguage\":\"en-GB\"},{\"@type\":\"Organization\",\"@id\":\"https:\\\/\\\/reinamillan.es\\\/#organization\",\"name\":\"F. Reina laboralista\",\"url\":\"https:\\\/\\\/reinamillan.es\\\/\",\"logo\":{\"@type\":\"ImageObject\",\"inLanguage\":\"en-GB\",\"@id\":\"https:\\\/\\\/reinamillan.es\\\/#\\\/schema\\\/logo\\\/image\\\/\",\"url\":\"https:\\\/\\\/reinamillan.es\\\/wp-content\\\/uploads\\\/2026\\\/01\\\/cropped-Diseno-sin-titulo-2.png\",\"contentUrl\":\"https:\\\/\\\/reinamillan.es\\\/wp-content\\\/uploads\\\/2026\\\/01\\\/cropped-Diseno-sin-titulo-2.png\",\"width\":435,\"height\":143,\"caption\":\"F. Reina laboralista\"},\"image\":{\"@id\":\"https:\\\/\\\/reinamillan.es\\\/#\\\/schema\\\/logo\\\/image\\\/\"}}]}<\/script>\n<!-- \/ Yoast SEO plugin. -->","yoast_head_json":{"title":"Inicio - F. Reina laboralista","robots":{"index":"index","follow":"follow","max-snippet":"max-snippet:-1","max-image-preview":"max-image-preview:large","max-video-preview":"max-video-preview:-1"},"canonical":"https:\/\/reinamillan.es\/en\/","og_locale":"en_GB","og_type":"article","og_title":"Inicio - F. Reina laboralista","og_description":"M\u00e1s de 30 a\u00f1os acompa\u00f1ando a las empresas con rigor y compromiso. Sobre nosotros En F. Reina Laboralista contamos con m\u00e1s de 30 a\u00f1os de experiencia ofreciendo asesoramiento jur\u00eddico integral a empresas. Nuestra trayectoria se ha construido sobre la base del compromiso, la profesionalidad y la confianza de nuestros clientes, a quienes acompa\u00f1amos en la [&hellip;]","og_url":"https:\/\/reinamillan.es\/en\/","og_site_name":"F. Reina laboralista","article_modified_time":"2026-01-02T09:32:18+00:00","twitter_card":"summary_large_image","twitter_misc":{"Estimated reading time":"1 minute"},"schema":{"@context":"https:\/\/schema.org","@graph":[{"@type":"WebPage","@id":"https:\/\/reinamillan.es\/","url":"https:\/\/reinamillan.es\/","name":"Inicio - F. Reina laboralista","isPartOf":{"@id":"https:\/\/reinamillan.es\/#website"},"datePublished":"2025-12-31T12:42:08+00:00","dateModified":"2026-01-02T09:32:18+00:00","breadcrumb":{"@id":"https:\/\/reinamillan.es\/#breadcrumb"},"inLanguage":"en-GB","potentialAction":[{"@type":"ReadAction","target":["https:\/\/reinamillan.es\/"]}]},{"@type":"BreadcrumbList","@id":"https:\/\/reinamillan.es\/#breadcrumb","itemListElement":[{"@type":"ListItem","position":1,"name":"Portada","item":"https:\/\/reinamillan.es\/"},{"@type":"ListItem","position":2,"name":"Inicio"}]},{"@type":"WebSite","@id":"https:\/\/reinamillan.es\/#website","url":"https:\/\/reinamillan.es\/","name":"F. Reina laboralista","description":"Asesoramiento jur\u00eddico integral","publisher":{"@id":"https:\/\/reinamillan.es\/#organization"},"potentialAction":[{"@type":"SearchAction","target":{"@type":"EntryPoint","urlTemplate":"https:\/\/reinamillan.es\/?s={search_term_string}"},"query-input":{"@type":"PropertyValueSpecification","valueRequired":true,"valueName":"search_term_string"}}],"inLanguage":"en-GB"},{"@type":"Organization","@id":"https:\/\/reinamillan.es\/#organization","name":"F. Reina laboralista","url":"https:\/\/reinamillan.es\/","logo":{"@type":"ImageObject","inLanguage":"en-GB","@id":"https:\/\/reinamillan.es\/#\/schema\/logo\/image\/","url":"https:\/\/reinamillan.es\/wp-content\/uploads\/2026\/01\/cropped-Diseno-sin-titulo-2.png","contentUrl":"https:\/\/reinamillan.es\/wp-content\/uploads\/2026\/01\/cropped-Diseno-sin-titulo-2.png","width":435,"height":143,"caption":"F. Reina laboralista"},"image":{"@id":"https:\/\/reinamillan.es\/#\/schema\/logo\/image\/"}}]}},"_links":{"self":[{"href":"https:\/\/reinamillan.es\/en\/wp-json\/wp\/v2\/pages\/10","targetHints":{"allow":["GET"]}}],"collection":[{"href":"https:\/\/reinamillan.es\/en\/wp-json\/wp\/v2\/pages"}],"about":[{"href":"https:\/\/reinamillan.es\/en\/wp-json\/wp\/v2\/types\/page"}],"author":[{"embeddable":true,"href":"https:\/\/reinamillan.es\/en\/wp-json\/wp\/v2\/users\/1"}],"replies":[{"embeddable":true,"href":"https:\/\/reinamillan.es\/en\/wp-json\/wp\/v2\/comments?post=10"}],"version-history":[{"count":37,"href":"https:\/\/reinamillan.es\/en\/wp-json\/wp\/v2\/pages\/10\/revisions"}],"predecessor-version":[{"id":227,"href":"https:\/\/reinamillan.es\/en\/wp-json\/wp\/v2\/pages\/10\/revisions\/227"}],"wp:attachment":[{"href":"https:\/\/reinamillan.es\/en\/wp-json\/wp\/v2\/media?parent=10"}],"curies":[{"name":"wp","href":"https:\/\/api.w.org\/{rel}","templated":true}]}}