{"id":16,"date":"2025-12-31T12:44:35","date_gmt":"2025-12-31T12:44:35","guid":{"rendered":"https:\/\/reinamillan.rkinformatika.online\/?page_id=16"},"modified":"2026-01-02T10:01:54","modified_gmt":"2026-01-02T10:01:54","slug":"servicios","status":"publish","type":"page","link":"https:\/\/reinamillan.es\/en\/servicios\/","title":{"rendered":"Services"},"content":{"rendered":"<div data-elementor-type=\"wp-page\" data-elementor-id=\"16\" class=\"elementor elementor-16\" data-elementor-post-type=\"page\">\n\t\t\t\t<div class=\"elementor-element elementor-element-cacbc27 e-con-full e-flex elementor-invisible e-con e-parent\" data-id=\"cacbc27\" data-element_type=\"container\" data-e-type=\"container\" data-settings=\"{&quot;background_background&quot;:&quot;classic&quot;,&quot;animation&quot;:&quot;fadeInDown&quot;}\">\n\t\t\t\t<\/div>\n\t\t<div class=\"elementor-element elementor-element-aee8f51 e-flex e-con-boxed e-con e-parent\" data-id=\"aee8f51\" data-element_type=\"container\" data-e-type=\"container\">\n\t\t\t\t\t<div class=\"e-con-inner\">\n\t\t<div class=\"elementor-element elementor-element-6e3c77e e-con-full e-flex elementor-invisible e-con e-child\" data-id=\"6e3c77e\" data-element_type=\"container\" data-e-type=\"container\" data-settings=\"{&quot;animation&quot;:&quot;fadeInRight&quot;}\">\n\t\t\t\t<div class=\"elementor-element elementor-element-5b9e785 elementor-widget elementor-widget-heading\" data-id=\"5b9e785\" data-element_type=\"widget\" data-e-type=\"widget\" data-widget_type=\"heading.default\">\n\t\t\t\t\t<h2 class=\"elementor-heading-title elementor-size-default\">Asesoramiento Laboral<\/h2>\t\t\t\t<\/div>\n\t\t\t\t<div class=\"elementor-element elementor-element-a6086bc elementor-widget elementor-widget-text-editor\" data-id=\"a6086bc\" data-element_type=\"widget\" data-e-type=\"widget\" data-widget_type=\"text-editor.default\">\n\t\t\t\t\t\t\t\t\t<ul><li data-start=\"422\" data-end=\"471\"><p data-start=\"424\" data-end=\"471\">Gesti\u00f3n y elaboraci\u00f3n de contratos de trabajo<\/p><\/li><li data-start=\"472\" data-end=\"527\"><p data-start=\"474\" data-end=\"527\">Altas, bajas y variaciones ante la Seguridad Social<\/p><\/li><li data-start=\"528\" data-end=\"558\"><p data-start=\"530\" data-end=\"558\">N\u00f3minas y seguros sociales<\/p><\/li><li data-start=\"559\" data-end=\"598\"><p data-start=\"561\" data-end=\"598\">Despidos y extinciones de contratos<\/p><\/li><li data-start=\"599\" data-end=\"640\"><p data-start=\"601\" data-end=\"640\">Asistencia en inspecciones de trabajo<\/p><\/li><li data-start=\"641\" data-end=\"689\"><p data-start=\"643\" data-end=\"689\">Negociaci\u00f3n colectiva y relaciones laborales<\/p><\/li><li data-start=\"690\" data-end=\"743\"><p data-start=\"692\" data-end=\"743\">Asesoramiento en reestructuraciones empresariales<\/p><\/li><\/ul><h3 data-start=\"252\" data-end=\"273\">\u00a0<\/h3>\t\t\t\t\t\t\t\t<\/div>\n\t\t\t\t<\/div>\n\t\t<div class=\"elementor-element elementor-element-d398ba5 e-con-full e-flex elementor-invisible e-con e-child\" data-id=\"d398ba5\" data-element_type=\"container\" data-e-type=\"container\" data-settings=\"{&quot;animation&quot;:&quot;fadeInRight&quot;}\">\n\t\t\t\t<div class=\"elementor-element elementor-element-e9af568 elementor-widget elementor-widget-heading\" data-id=\"e9af568\" data-element_type=\"widget\" data-e-type=\"widget\" data-widget_type=\"heading.default\">\n\t\t\t\t\t<h2 class=\"elementor-heading-title elementor-size-default\">Asesoramiento Jur\u00eddico<\/h2>\t\t\t\t<\/div>\n\t\t\t\t<div class=\"elementor-element elementor-element-5d83819 elementor-widget elementor-widget-text-editor\" data-id=\"5d83819\" data-element_type=\"widget\" data-e-type=\"widget\" data-widget_type=\"text-editor.default\">\n\t\t\t\t\t\t\t\t\t<ul><li data-start=\"777\" data-end=\"821\"><p data-start=\"779\" data-end=\"821\">Consultor\u00eda legal continua para empresas<\/p><\/li><li data-start=\"822\" data-end=\"859\"><p data-start=\"824\" data-end=\"859\">Redacci\u00f3n y revisi\u00f3n de contratos<\/p><\/li><li data-start=\"860\" data-end=\"894\"><p data-start=\"862\" data-end=\"894\">Defensa y representaci\u00f3n legal<\/p><\/li><li data-start=\"895\" data-end=\"939\"><p data-start=\"897\" data-end=\"939\">Resoluci\u00f3n de conflictos y reclamaciones<\/p><\/li><\/ul><h3 data-start=\"447\" data-end=\"465\">\u00a0<\/h3>\t\t\t\t\t\t\t\t<\/div>\n\t\t\t\t<\/div>\n\t\t<div class=\"elementor-element elementor-element-fe611c9 e-con-full e-flex elementor-invisible e-con e-child\" data-id=\"fe611c9\" data-element_type=\"container\" data-e-type=\"container\" data-settings=\"{&quot;animation&quot;:&quot;fadeInRight&quot;}\">\n\t\t\t\t<div class=\"elementor-element elementor-element-77753fe elementor-widget elementor-widget-heading\" data-id=\"77753fe\" data-element_type=\"widget\" data-e-type=\"widget\" data-widget_type=\"heading.default\">\n\t\t\t\t\t<h2 class=\"elementor-heading-title elementor-size-default\">Asesoramiento a Empresas<\/h2>\t\t\t\t<\/div>\n\t\t\t\t<div class=\"elementor-element elementor-element-f5ef01f elementor-widget elementor-widget-text-editor\" data-id=\"f5ef01f\" data-element_type=\"widget\" data-e-type=\"widget\" data-widget_type=\"text-editor.default\">\n\t\t\t\t\t\t\t\t\t<ul><li data-start=\"975\" data-end=\"1032\"><p data-start=\"977\" data-end=\"1032\">Apoyo jur\u00eddico en la toma de decisiones empresariales<\/p><\/li><li data-start=\"1033\" data-end=\"1066\"><p data-start=\"1035\" data-end=\"1066\">Prevenci\u00f3n de riesgos legales<\/p><\/li><li data-start=\"1067\" data-end=\"1102\"><p data-start=\"1069\" data-end=\"1102\">Adaptaci\u00f3n a cambios normativos<\/p><\/li><li data-start=\"1103\" data-end=\"1173\"><p data-start=\"1105\" data-end=\"1173\">Acompa\u00f1amiento legal en el crecimiento y consolidaci\u00f3n del negocio<\/p><\/li><\/ul><h3 data-start=\"600\" data-end=\"623\">\u00a0<\/h3>\t\t\t\t\t\t\t\t<\/div>\n\t\t\t\t<\/div>\n\t\t\t\t\t<\/div>\n\t\t\t\t<\/div>\n\t\t<div class=\"elementor-element elementor-element-4f7aee0 e-flex e-con-boxed e-con e-parent\" data-id=\"4f7aee0\" data-element_type=\"container\" data-e-type=\"container\">\n\t\t\t\t\t<div class=\"e-con-inner\">\n\t\t\t\t<div class=\"elementor-element elementor-element-9a7d4db elementor-widget elementor-widget-heading\" data-id=\"9a7d4db\" data-element_type=\"widget\" data-e-type=\"widget\" data-widget_type=\"heading.default\">\n\t\t\t\t\t<h2 class=\"elementor-heading-title elementor-size-default\">Soluciones jur\u00eddicas claras para quien buscan seguridad y confianza.<\/h2>\t\t\t\t<\/div>\n\t\t\t\t<div class=\"elementor-element elementor-element-75c9791 elementor-tablet-align-center elementor-widget elementor-widget-button\" data-id=\"75c9791\" data-element_type=\"widget\" data-e-type=\"widget\" data-widget_type=\"button.default\">\n\t\t\t\t\t\t\t\t\t\t<a class=\"elementor-button elementor-button-link elementor-size-sm\" href=\"https:\/\/reinamillan.es\/en\/contacto\/\">\n\t\t\t\t\t\t<span class=\"elementor-button-content-wrapper\">\n\t\t\t\t\t\t\t\t\t<span class=\"elementor-button-text\">Contact<\/span>\n\t\t\t\t\t<\/span>\n\t\t\t\t\t<\/a>\n\t\t\t\t\t\t\t\t<\/div>\n\t\t\t\t\t<\/div>\n\t\t\t\t<\/div>\n\t\t\t\t<\/div>","protected":false},"excerpt":{"rendered":"<p>Asesoramiento Laboral Gesti\u00f3n y elaboraci\u00f3n de contratos de trabajo Altas, bajas y variaciones ante la Seguridad Social N\u00f3minas y seguros sociales Despidos y extinciones de contratos Asistencia en inspecciones de trabajo Negociaci\u00f3n colectiva y relaciones laborales Asesoramiento en reestructuraciones empresariales \u00a0 Asesoramiento Jur\u00eddico Consultor\u00eda legal continua para empresas Redacci\u00f3n y revisi\u00f3n de contratos Defensa y [&hellip;]<\/p>\n","protected":false},"author":1,"featured_media":0,"parent":0,"menu_order":0,"comment_status":"closed","ping_status":"closed","template":"elementor_canvas","meta":{"footnotes":""},"class_list":["post-16","page","type-page","status-publish","hentry"],"yoast_head":"<!-- This site is optimized with the Yoast SEO plugin v27.5 - https:\/\/yoast.com\/product\/yoast-seo-wordpress\/ -->\n<title>Servicios - F. Reina laboralista<\/title>\n<meta name=\"robots\" content=\"index, follow, max-snippet:-1, max-image-preview:large, max-video-preview:-1\" \/>\n<link rel=\"canonical\" href=\"https:\/\/reinamillan.es\/en\/servicios\/\" \/>\n<meta property=\"og:locale\" content=\"en_GB\" \/>\n<meta property=\"og:type\" content=\"article\" \/>\n<meta property=\"og:title\" content=\"Servicios - F. Reina laboralista\" \/>\n<meta property=\"og:description\" content=\"Asesoramiento Laboral Gesti\u00f3n y elaboraci\u00f3n de contratos de trabajo Altas, bajas y variaciones ante la Seguridad Social N\u00f3minas y seguros sociales Despidos y extinciones de contratos Asistencia en inspecciones de trabajo Negociaci\u00f3n colectiva y relaciones laborales Asesoramiento en reestructuraciones empresariales \u00a0 Asesoramiento Jur\u00eddico Consultor\u00eda legal continua para empresas Redacci\u00f3n y revisi\u00f3n de contratos Defensa y [&hellip;]\" \/>\n<meta property=\"og:url\" content=\"https:\/\/reinamillan.es\/en\/servicios\/\" \/>\n<meta property=\"og:site_name\" content=\"F. Reina laboralista\" \/>\n<meta property=\"article:modified_time\" content=\"2026-01-02T10:01:54+00:00\" \/>\n<meta name=\"twitter:card\" content=\"summary_large_image\" \/>\n<meta name=\"twitter:label1\" content=\"Estimated reading time\" \/>\n\t<meta name=\"twitter:data1\" content=\"1 minute\" \/>\n<script type=\"application\/ld+json\" class=\"yoast-schema-graph\">{\"@context\":\"https:\\\/\\\/schema.org\",\"@graph\":[{\"@type\":\"WebPage\",\"@id\":\"https:\\\/\\\/reinamillan.es\\\/servicios\\\/\",\"url\":\"https:\\\/\\\/reinamillan.es\\\/servicios\\\/\",\"name\":\"Servicios - F. Reina laboralista\",\"isPartOf\":{\"@id\":\"https:\\\/\\\/reinamillan.es\\\/#website\"},\"datePublished\":\"2025-12-31T12:44:35+00:00\",\"dateModified\":\"2026-01-02T10:01:54+00:00\",\"breadcrumb\":{\"@id\":\"https:\\\/\\\/reinamillan.es\\\/servicios\\\/#breadcrumb\"},\"inLanguage\":\"en-GB\",\"potentialAction\":[{\"@type\":\"ReadAction\",\"target\":[\"https:\\\/\\\/reinamillan.es\\\/servicios\\\/\"]}]},{\"@type\":\"BreadcrumbList\",\"@id\":\"https:\\\/\\\/reinamillan.es\\\/servicios\\\/#breadcrumb\",\"itemListElement\":[{\"@type\":\"ListItem\",\"position\":1,\"name\":\"Portada\",\"item\":\"https:\\\/\\\/reinamillan.es\\\/\"},{\"@type\":\"ListItem\",\"position\":2,\"name\":\"Servicios\"}]},{\"@type\":\"WebSite\",\"@id\":\"https:\\\/\\\/reinamillan.es\\\/#website\",\"url\":\"https:\\\/\\\/reinamillan.es\\\/\",\"name\":\"F. Reina laboralista\",\"description\":\"Asesoramiento jur\u00eddico integral \",\"publisher\":{\"@id\":\"https:\\\/\\\/reinamillan.es\\\/#organization\"},\"potentialAction\":[{\"@type\":\"SearchAction\",\"target\":{\"@type\":\"EntryPoint\",\"urlTemplate\":\"https:\\\/\\\/reinamillan.es\\\/?s={search_term_string}\"},\"query-input\":{\"@type\":\"PropertyValueSpecification\",\"valueRequired\":true,\"valueName\":\"search_term_string\"}}],\"inLanguage\":\"en-GB\"},{\"@type\":\"Organization\",\"@id\":\"https:\\\/\\\/reinamillan.es\\\/#organization\",\"name\":\"F. Reina laboralista\",\"url\":\"https:\\\/\\\/reinamillan.es\\\/\",\"logo\":{\"@type\":\"ImageObject\",\"inLanguage\":\"en-GB\",\"@id\":\"https:\\\/\\\/reinamillan.es\\\/#\\\/schema\\\/logo\\\/image\\\/\",\"url\":\"https:\\\/\\\/reinamillan.es\\\/wp-content\\\/uploads\\\/2026\\\/01\\\/cropped-Diseno-sin-titulo-2.png\",\"contentUrl\":\"https:\\\/\\\/reinamillan.es\\\/wp-content\\\/uploads\\\/2026\\\/01\\\/cropped-Diseno-sin-titulo-2.png\",\"width\":435,\"height\":143,\"caption\":\"F. Reina laboralista\"},\"image\":{\"@id\":\"https:\\\/\\\/reinamillan.es\\\/#\\\/schema\\\/logo\\\/image\\\/\"}}]}<\/script>\n<!-- \/ Yoast SEO plugin. -->","yoast_head_json":{"title":"Servicios - F. Reina laboralista","robots":{"index":"index","follow":"follow","max-snippet":"max-snippet:-1","max-image-preview":"max-image-preview:large","max-video-preview":"max-video-preview:-1"},"canonical":"https:\/\/reinamillan.es\/en\/servicios\/","og_locale":"en_GB","og_type":"article","og_title":"Servicios - F. Reina laboralista","og_description":"Asesoramiento Laboral Gesti\u00f3n y elaboraci\u00f3n de contratos de trabajo Altas, bajas y variaciones ante la Seguridad Social N\u00f3minas y seguros sociales Despidos y extinciones de contratos Asistencia en inspecciones de trabajo Negociaci\u00f3n colectiva y relaciones laborales Asesoramiento en reestructuraciones empresariales \u00a0 Asesoramiento Jur\u00eddico Consultor\u00eda legal continua para empresas Redacci\u00f3n y revisi\u00f3n de contratos Defensa y [&hellip;]","og_url":"https:\/\/reinamillan.es\/en\/servicios\/","og_site_name":"F. Reina laboralista","article_modified_time":"2026-01-02T10:01:54+00:00","twitter_card":"summary_large_image","twitter_misc":{"Estimated reading time":"1 minute"},"schema":{"@context":"https:\/\/schema.org","@graph":[{"@type":"WebPage","@id":"https:\/\/reinamillan.es\/servicios\/","url":"https:\/\/reinamillan.es\/servicios\/","name":"Servicios - F. Reina laboralista","isPartOf":{"@id":"https:\/\/reinamillan.es\/#website"},"datePublished":"2025-12-31T12:44:35+00:00","dateModified":"2026-01-02T10:01:54+00:00","breadcrumb":{"@id":"https:\/\/reinamillan.es\/servicios\/#breadcrumb"},"inLanguage":"en-GB","potentialAction":[{"@type":"ReadAction","target":["https:\/\/reinamillan.es\/servicios\/"]}]},{"@type":"BreadcrumbList","@id":"https:\/\/reinamillan.es\/servicios\/#breadcrumb","itemListElement":[{"@type":"ListItem","position":1,"name":"Portada","item":"https:\/\/reinamillan.es\/"},{"@type":"ListItem","position":2,"name":"Servicios"}]},{"@type":"WebSite","@id":"https:\/\/reinamillan.es\/#website","url":"https:\/\/reinamillan.es\/","name":"F. Reina laboralista","description":"Asesoramiento jur\u00eddico integral","publisher":{"@id":"https:\/\/reinamillan.es\/#organization"},"potentialAction":[{"@type":"SearchAction","target":{"@type":"EntryPoint","urlTemplate":"https:\/\/reinamillan.es\/?s={search_term_string}"},"query-input":{"@type":"PropertyValueSpecification","valueRequired":true,"valueName":"search_term_string"}}],"inLanguage":"en-GB"},{"@type":"Organization","@id":"https:\/\/reinamillan.es\/#organization","name":"F. Reina laboralista","url":"https:\/\/reinamillan.es\/","logo":{"@type":"ImageObject","inLanguage":"en-GB","@id":"https:\/\/reinamillan.es\/#\/schema\/logo\/image\/","url":"https:\/\/reinamillan.es\/wp-content\/uploads\/2026\/01\/cropped-Diseno-sin-titulo-2.png","contentUrl":"https:\/\/reinamillan.es\/wp-content\/uploads\/2026\/01\/cropped-Diseno-sin-titulo-2.png","width":435,"height":143,"caption":"F. Reina laboralista"},"image":{"@id":"https:\/\/reinamillan.es\/#\/schema\/logo\/image\/"}}]}},"_links":{"self":[{"href":"https:\/\/reinamillan.es\/en\/wp-json\/wp\/v2\/pages\/16","targetHints":{"allow":["GET"]}}],"collection":[{"href":"https:\/\/reinamillan.es\/en\/wp-json\/wp\/v2\/pages"}],"about":[{"href":"https:\/\/reinamillan.es\/en\/wp-json\/wp\/v2\/types\/page"}],"author":[{"embeddable":true,"href":"https:\/\/reinamillan.es\/en\/wp-json\/wp\/v2\/users\/1"}],"replies":[{"embeddable":true,"href":"https:\/\/reinamillan.es\/en\/wp-json\/wp\/v2\/comments?post=16"}],"version-history":[{"count":43,"href":"https:\/\/reinamillan.es\/en\/wp-json\/wp\/v2\/pages\/16\/revisions"}],"predecessor-version":[{"id":230,"href":"https:\/\/reinamillan.es\/en\/wp-json\/wp\/v2\/pages\/16\/revisions\/230"}],"wp:attachment":[{"href":"https:\/\/reinamillan.es\/en\/wp-json\/wp\/v2\/media?parent=16"}],"curies":[{"name":"wp","href":"https:\/\/api.w.org\/{rel}","templated":true}]}}